{"id":107,"date":"2019-06-26T10:56:54","date_gmt":"2019-06-26T07:56:54","guid":{"rendered":"https:\/\/democontent.codex-themes.com\/sites-elementor\/logistics\/?page_id=107"},"modified":"2023-05-24T00:21:21","modified_gmt":"2023-05-23T21:21:21","slug":"blog","status":"publish","type":"page","link":"https:\/\/www.tuncertuz.com\/en\/blog\/","title":{"rendered":"Blog"},"content":{"rendered":"<div data-elementor-type=\"wp-page\" data-elementor-id=\"107\" class=\"elementor elementor-107\">\n\t\t\t\t\t\t<main class=\"elementor-section elementor-top-section elementor-element elementor-element-55e5ee7 elementor-section-boxed elementor-section-height-default elementor-section-height-default\" data-id=\"55e5ee7\" data-element_type=\"section\">\n\t\t\t\t\t\t<div class=\"elementor-container elementor-column-gap-thegem\">\n\t\t\t\t\t<div class=\"elementor-column elementor-col-100 elementor-top-column elementor-element elementor-element-0cddc73\" data-id=\"0cddc73\" data-element_type=\"column\">\n\t\t\t<div class=\"elementor-widget-wrap elementor-element-populated\">\n\t\t\t\t\t\t<div class=\"elementor-element elementor-element-691228c flex-horizontal-align-default flex-horizontal-align-tablet-default flex-horizontal-align-mobile-default flex-vertical-align-default flex-vertical-align-tablet-default flex-vertical-align-mobile-default elementor-widget elementor-widget-thegem-bloglist\" data-id=\"691228c\" data-element_type=\"widget\" data-settings=\"{&quot;items_per_page&quot;:3,&quot;select_blog_posts&quot;:[&quot;552&quot;,&quot;3276&quot;,&quot;3312&quot;],&quot;thegem_elementor_preset&quot;:&quot;default&quot;,&quot;order_by&quot;:&quot;default&quot;,&quot;order&quot;:&quot;default&quot;,&quot;image_icon_show&quot;:&quot;yes&quot;}\" data-widget_type=\"thegem-bloglist.default\">\n\t\t\t\t<div class=\"elementor-widget-container\">\n\t\t\t\t\t\t\t<div class=\"preloader\"><div class=\"preloader-spin\"><\/div><\/div>\n\t\t\t\t\t\t<div class=\"bloglist blog clearfix  blog-style-default\" data-page=\"1\" data-paged=\"1\" data-next-page=\"0\" data-load-more-action=\"thegem_bloglist_load_more\">\n\t\t\t\n<article id=\"post-3312\" class=\"item-animations-not-inited post-3312 post type-post status-publish format-standard has-post-thumbnail category-uncategorized\" >\n\t\n\t\t\n\t\t<div class=\"item-post-container\">\n\t\t\t<div class=\"item-post clearfix\">\n\n\t\t\t\t\t\t\t\t\t<div class=\"post-image post-img\"><div class=\"post-featured-content\"><a href=\"https:\/\/www.tuncertuz.com\/en\/pratikbilgiler\/\">\t\t<picture>\n\t\t\t\t\t\t<img fetchpriority=\"high\" decoding=\"async\" src=\"https:\/\/www.tuncertuz.com\/wp-content\/uploads\/2019\/06\/tuzblog-thegem-blog-default-large.jpg\" width=\"1170\" height=\"540\"  class=\"img-responsive\" alt=\"tuzblog\" \/>\n\t\t<\/picture>\n\t\t<\/a><\/div><\/div>\n\t\t\t\t\n\t\t\t\t<div class=\"caption-container\">\n\n\t\t\t\t\t<div class=\"post-meta\">\n\t\t\t\t\t\t<div class=\"entry-meta clearfix gem-post-date\">\n\t\t\t\t\t\t\t<div class=\"post-meta-right\">\n\t\t\t\t\t\t\t\t\t\t\t\t\t\t\t\t\t\t\t\t\t\t\t\t\t\t\t\t\t\t\t<\/div>\n\t\t\t\t\t\t\t<div class=\"post-meta-left\">\n\t\t\t\t\t\t\t\t\t\t\t\t\t\t\t\t\t\t\t\t\t\t\t<\/div>\n\t\t\t\t\t\t<\/div><!-- .entry-meta -->\n\t\t\t\t\t<\/div>\n\n\t\t\t\t\t\t\t\t\t\t\t<div class=\"post-title\">\n\t\t\t\t\t\t\t<h3 class=\"entry-title\"><a href=\"https:\/\/www.tuncertuz.com\/en\/pratikbilgiler\/\" rel=\"bookmark\"><span class=\"entry-title-date\"><\/span><span class=\"light\">PRACTICAL INFORMATION ON SALT<\/span><\/a><\/h3>\t\t\t\t\t\t<\/div>\n\t\t\t\t\t\n\t\t\t\t\t\t\t\t\t\t\t<div class=\"post-text\">\n\t\t\t\t\t\t\t<div class=\"summary\">\n\t\t\t\t\t\t\t\t\t\t\t\t\t\t\t\t\t<p>\u2022 If you want your refrigerator to cool better, fill it with salt in a container to absorb moisture.<\/p>\n\t\t\t\t\t\t\t\t\t\t\t\t\t\t\t<\/div>\n\t\t\t\t\t\t<\/div>\n\t\t\t\t\t\n\t\t\t\t\t<div class=\"post-footer\">\n\t\t\t\t\t\t<div class=\"post-footer-sharing\">\n\t\t\t\t\t\t\t\n<div class=\"gem-button-container gem-widget-button gem-button-position-inline\">\n\t<a class=\"gem-button gem-button-size-tiny gem-button-style-flat gem-button-text-weight-normal gem-button-empty\" href=\"#\" target=\"_self\">\n\t\t<div class=\"elementor-icon\">\n\t\t\t\t\t\t\t<i class=\"default\"><\/i>\n\t\t\t\t\t<\/div>\n\t<\/a>\n<\/div>\n\n<div class=\"sharing-popup\">\n\t<div class=\"socials-sharing socials socials-colored-hover\">\n\n\t\t\t\t\t<a class=\"socials-item\" target=\"_blank\" href=\"https:\/\/www.facebook.com\/sharer\/sharer.php?u=https%3A%2F%2Fwww.tuncertuz.com%2Fen%2Fpratikbilgiler%2F\" title=\"Facebook\"><i class=\"socials-item-icon facebook\"><\/i><\/a>\n\t\t\n\t\t\t\t\t<a class=\"socials-item\" target=\"_blank\" href=\"https:\/\/twitter.com\/intent\/tweet?text=TUZ+%C3%9CZER%C4%B0NE+PRAT%C4%B0K+B%C4%B0LG%C4%B0LER&#038;url=https%3A%2F%2Fwww.tuncertuz.com%2Fen%2Fpratikbilgiler%2F\" title=\"Twitter\"><i class=\"socials-item-icon twitter\"><\/i><\/a>\n\t\t\n\t\t\t\t\t<a class=\"socials-item\" target=\"_blank\" href=\"https:\/\/pinterest.com\/pin\/create\/button\/?url=https%3A%2F%2Fwww.tuncertuz.com%2Fen%2Fpratikbilgiler%2F&#038;description=TUZ+%C3%9CZER%C4%B0NE+PRAT%C4%B0K+B%C4%B0LG%C4%B0LER&#038;media=https%3A%2F%2Fwww.tuncertuz.com%2Fwp-content%2Fuploads%2F2019%2F06%2Ftuzblog-thegem-blog-timeline-large.jpg\" title=\"Pinterest\"><i class=\"socials-item-icon pinterest\"><\/i><\/a>\n\t\t\n\t\t\t\t\t<a class=\"socials-item\" target=\"_blank\" href=\"http:\/\/tumblr.com\/widgets\/share\/tool?canonicalUrl=https%3A%2F%2Fwww.tuncertuz.com%2Fen%2Fpratikbilgiler%2F\" title=\"Tumblr\"><i class=\"socials-item-icon tumblr\"><\/i><\/a>\n\t\t\n\t\t\t\t\t<a class=\"socials-item\" target=\"_blank\" href=\"https:\/\/www.linkedin.com\/shareArticle?mini=true&#038;url=https%3A%2F%2Fwww.tuncertuz.com%2Fen%2Fpratikbilgiler%2F&#038;title=TUZ+%C3%9CZER%C4%B0NE+PRAT%C4%B0K+B%C4%B0LG%C4%B0LER&amp;summary=%E2%80%A2+Buzdolab%C4%B1n%C4%B1z%C4%B1n+daha+iyi+so%C4%9Futmas%C4%B1n%C4%B1+istiyorsan%C4%B1z%2C+nemi+%C3%A7ekmesi+i%C3%A7in+bir+kab%C4%B1n+i%C3%A7ine+tuz+doldurup+koyun.\" title=\"LinkedIn\"><i class=\"socials-item-icon linkedin\"><\/i><\/a>\n\t\t\n\t\t\t\t\t<a class=\"socials-item\" target=\"_blank\" href=\"https:\/\/www.reddit.com\/submit?url=https%3A%2F%2Fwww.tuncertuz.com%2Fen%2Fpratikbilgiler%2F&#038;title=TUZ+%C3%9CZER%C4%B0NE+PRAT%C4%B0K+B%C4%B0LG%C4%B0LER\" title=\"Reddit\"><i class=\"socials-item-icon reddit\"><\/i><\/a>\n\t\t\n\t<\/div>\n<svg class=\"sharing-styled-arrow\"><use xlink:href=\"https:\/\/www.tuncertuz.com\/wp-content\/themes\/thegem-elementor\/css\/post-arrow.svg#dec-post-arrow\"><\/use><\/svg>\n<\/div>\n\t\t\t\t\t\t<\/div>\n\t\t\t\t\t\t<div class=\"post-read-more\">\n\t\t\t\t\t\t\t\t<div class=\"gem-button-container gem-widget-button gem-button-position-inline\">\n\t\t<a class=\"gem-button gem-button-size-tiny gem-button-style-outline\" href=\"https:\/\/www.tuncertuz.com\/en\/pratikbilgiler\/\">\n\t\t\t<span class=\"gem-inner-wrapper-btn\">\n\t\t\t\t\t\t\t\t<span class=\"gem-text-button\">\n\t\t\t\t\tRead More\t\t\t\t<\/span>\n\t\t\t<\/span>\n\t\t<\/a>\n\t<\/div>\n\t\t\t\t\t\t<\/div>\n\t\t\t\t\t<\/div>\n\n\t\t\t\t<\/div>\n\t\t\t<\/div>\n\t\t<\/div>\n\t<\/article><!-- #post-3312 -->\n\n<article id=\"post-3276\" class=\"item-animations-not-inited post-3276 post type-post status-publish format-standard has-post-thumbnail category-uncategorized\" >\n\t\n\t\t\n\t\t<div class=\"item-post-container\">\n\t\t\t<div class=\"item-post clearfix\">\n\n\t\t\t\t\t\t\t\t\t<div class=\"post-image post-img\"><div class=\"post-featured-content\"><a href=\"https:\/\/www.tuncertuz.com\/en\/artemia\/\">\t\t<picture>\n\t\t\t\t\t\t<img decoding=\"async\" src=\"https:\/\/www.tuncertuz.com\/wp-content\/uploads\/2019\/07\/artemia-thegem-blog-default-large.jpg\" width=\"1170\" height=\"540\"  class=\"img-responsive\" alt=\"artemia\" \/>\n\t\t<\/picture>\n\t\t<\/a><\/div><\/div>\n\t\t\t\t\n\t\t\t\t<div class=\"caption-container\">\n\n\t\t\t\t\t<div class=\"post-meta\">\n\t\t\t\t\t\t<div class=\"entry-meta clearfix gem-post-date\">\n\t\t\t\t\t\t\t<div class=\"post-meta-right\">\n\t\t\t\t\t\t\t\t\t\t\t\t\t\t\t\t\t\t\t\t\t\t\t\t\t\t\t\t\t\t\t<\/div>\n\t\t\t\t\t\t\t<div class=\"post-meta-left\">\n\t\t\t\t\t\t\t\t\t\t\t\t\t\t\t\t\t\t\t\t\t\t\t<\/div>\n\t\t\t\t\t\t<\/div><!-- .entry-meta -->\n\t\t\t\t\t<\/div>\n\n\t\t\t\t\t\t\t\t\t\t\t<div class=\"post-title\">\n\t\t\t\t\t\t\t<h3 class=\"entry-title\"><a href=\"https:\/\/www.tuncertuz.com\/en\/artemia\/\" rel=\"bookmark\"><span class=\"entry-title-date\"><\/span><span class=\"light\">ARTEMIA (TUZLA SHRIMP)<\/span><\/a><\/h3>\t\t\t\t\t\t<\/div>\n\t\t\t\t\t\n\t\t\t\t\t\t\t\t\t\t\t<div class=\"post-text\">\n\t\t\t\t\t\t\t<div class=\"summary\">\n\t\t\t\t\t\t\t\t\t\t\t\t\t\t\t\t\t<p>In the middle-grade pools, called hot water pools, a creature called artemia (salt shrimp) lives. It is located at the intersection of the provinces of Ankara, Konya and Aksaray in the Central Anatolian Region.<\/p>\n\t\t\t\t\t\t\t\t\t\t\t\t\t\t\t<\/div>\n\t\t\t\t\t\t<\/div>\n\t\t\t\t\t\n\t\t\t\t\t<div class=\"post-footer\">\n\t\t\t\t\t\t<div class=\"post-footer-sharing\">\n\t\t\t\t\t\t\t\n<div class=\"gem-button-container gem-widget-button gem-button-position-inline\">\n\t<a class=\"gem-button gem-button-size-tiny gem-button-style-flat gem-button-text-weight-normal gem-button-empty\" href=\"#\" target=\"_self\">\n\t\t<div class=\"elementor-icon\">\n\t\t\t\t\t\t\t<i class=\"default\"><\/i>\n\t\t\t\t\t<\/div>\n\t<\/a>\n<\/div>\n\n<div class=\"sharing-popup\">\n\t<div class=\"socials-sharing socials socials-colored-hover\">\n\n\t\t\t\t\t<a class=\"socials-item\" target=\"_blank\" href=\"https:\/\/www.facebook.com\/sharer\/sharer.php?u=https%3A%2F%2Fwww.tuncertuz.com%2Fen%2Fartemia%2F\" title=\"Facebook\"><i class=\"socials-item-icon facebook\"><\/i><\/a>\n\t\t\n\t\t\t\t\t<a class=\"socials-item\" target=\"_blank\" href=\"https:\/\/twitter.com\/intent\/tweet?text=ARTEM%C4%B0A+%28TUZLA+KAR%C4%B0DES%C4%B0%29&#038;url=https%3A%2F%2Fwww.tuncertuz.com%2Fen%2Fartemia%2F\" title=\"Twitter\"><i class=\"socials-item-icon twitter\"><\/i><\/a>\n\t\t\n\t\t\t\t\t<a class=\"socials-item\" target=\"_blank\" href=\"https:\/\/pinterest.com\/pin\/create\/button\/?url=https%3A%2F%2Fwww.tuncertuz.com%2Fen%2Fartemia%2F&#038;description=ARTEM%C4%B0A+%28TUZLA+KAR%C4%B0DES%C4%B0%29&#038;media=https%3A%2F%2Fwww.tuncertuz.com%2Fwp-content%2Fuploads%2F2019%2F07%2Fartemia-thegem-blog-timeline-large.jpg\" title=\"Pinterest\"><i class=\"socials-item-icon pinterest\"><\/i><\/a>\n\t\t\n\t\t\t\t\t<a class=\"socials-item\" target=\"_blank\" href=\"http:\/\/tumblr.com\/widgets\/share\/tool?canonicalUrl=https%3A%2F%2Fwww.tuncertuz.com%2Fen%2Fartemia%2F\" title=\"Tumblr\"><i class=\"socials-item-icon tumblr\"><\/i><\/a>\n\t\t\n\t\t\t\t\t<a class=\"socials-item\" target=\"_blank\" href=\"https:\/\/www.linkedin.com\/shareArticle?mini=true&#038;url=https%3A%2F%2Fwww.tuncertuz.com%2Fen%2Fartemia%2F&#038;title=ARTEM%C4%B0A+%28TUZLA+KAR%C4%B0DES%C4%B0%29&amp;summary=S%C4%B1cak+su+havuzlar%C4%B1+olarak+tabir+edilen+orta+dereceli+havuzlarda+ise+artemia+%28tuzla+karidesi%29+denilen+canl%C4%B1+ya%C5%9Far.%C4%B0%C3%A7+Anadolu+B%C3%B6lgesi%E2%80%99nde+Ankara%2C+Konya+ve+Aksaray+illerinin+s%C4%B1n%C4%B1r%C4%B1n%C4%B1n+kesi%C5%9Fti%C4%9Fi+yerde+yer+al%C4%B1r.\" title=\"LinkedIn\"><i class=\"socials-item-icon linkedin\"><\/i><\/a>\n\t\t\n\t\t\t\t\t<a class=\"socials-item\" target=\"_blank\" href=\"https:\/\/www.reddit.com\/submit?url=https%3A%2F%2Fwww.tuncertuz.com%2Fen%2Fartemia%2F&#038;title=ARTEM%C4%B0A+%28TUZLA+KAR%C4%B0DES%C4%B0%29\" title=\"Reddit\"><i class=\"socials-item-icon reddit\"><\/i><\/a>\n\t\t\n\t<\/div>\n<svg class=\"sharing-styled-arrow\"><use xlink:href=\"https:\/\/www.tuncertuz.com\/wp-content\/themes\/thegem-elementor\/css\/post-arrow.svg#dec-post-arrow\"><\/use><\/svg>\n<\/div>\n\t\t\t\t\t\t<\/div>\n\t\t\t\t\t\t<div class=\"post-read-more\">\n\t\t\t\t\t\t\t\t<div class=\"gem-button-container gem-widget-button gem-button-position-inline\">\n\t\t<a class=\"gem-button gem-button-size-tiny gem-button-style-outline\" href=\"https:\/\/www.tuncertuz.com\/en\/artemia\/\">\n\t\t\t<span class=\"gem-inner-wrapper-btn\">\n\t\t\t\t\t\t\t\t<span class=\"gem-text-button\">\n\t\t\t\t\tRead More\t\t\t\t<\/span>\n\t\t\t<\/span>\n\t\t<\/a>\n\t<\/div>\n\t\t\t\t\t\t<\/div>\n\t\t\t\t\t<\/div>\n\n\t\t\t\t<\/div>\n\t\t\t<\/div>\n\t\t<\/div>\n\t<\/article><!-- #post-3276 -->\n\n<article id=\"post-552\" class=\"item-animations-not-inited post-552 post type-post status-publish format-standard has-post-thumbnail category-uncategorized\" >\n\t\n\t\t\n\t\t<div class=\"item-post-container\">\n\t\t\t<div class=\"item-post clearfix\">\n\n\t\t\t\t\t\t\t\t\t<div class=\"post-image post-img\"><div class=\"post-featured-content\"><a href=\"https:\/\/www.tuncertuz.com\/en\/tuzgolu\/\">\t\t<picture>\n\t\t\t\t\t\t<img decoding=\"async\" src=\"https:\/\/www.tuncertuz.com\/wp-content\/uploads\/2019\/07\/tuzgolu-thegem-blog-default-large.jpg\" width=\"1170\" height=\"540\"  class=\"img-responsive\" alt=\"tuzgolu\" \/>\n\t\t<\/picture>\n\t\t<\/a><\/div><\/div>\n\t\t\t\t\n\t\t\t\t<div class=\"caption-container\">\n\n\t\t\t\t\t<div class=\"post-meta\">\n\t\t\t\t\t\t<div class=\"entry-meta clearfix gem-post-date\">\n\t\t\t\t\t\t\t<div class=\"post-meta-right\">\n\t\t\t\t\t\t\t\t\t\t\t\t\t\t\t\t\t\t\t\t\t\t\t\t\t\t\t\t\t\t\t<\/div>\n\t\t\t\t\t\t\t<div class=\"post-meta-left\">\n\t\t\t\t\t\t\t\t\t\t\t\t\t\t\t\t\t\t\t\t\t\t\t<\/div>\n\t\t\t\t\t\t<\/div><!-- .entry-meta -->\n\t\t\t\t\t<\/div>\n\n\t\t\t\t\t\t\t\t\t\t\t<div class=\"post-title\">\n\t\t\t\t\t\t\t<h3 class=\"entry-title\"><a href=\"https:\/\/www.tuncertuz.com\/en\/tuzgolu\/\" rel=\"bookmark\"><span class=\"entry-title-date\"><\/span><span class=\"light\">TURKEY'S BIGGEST SOURCE OF SALT: SALT LAKE<\/span><\/a><\/h3>\t\t\t\t\t\t<\/div>\n\t\t\t\t\t\n\t\t\t\t\t\t\t\t\t\t\t<div class=\"post-text\">\n\t\t\t\t\t\t\t<div class=\"summary\">\n\t\t\t\t\t\t\t\t\t\t\t\t\t\t\t\t\t<p>It is the second largest and shallowest lake in Turkey in terms of surface area. It is located at the intersection of the borders of Ankara, Konya and Aksaray provinces in the Central Anatolia Region. 40% of Turkey's salt need is supplied from this lake. It is 905 meters above sea level and its maximum dimensions are 80 kilometers from north to south and 60 kilometers from east to west. It holds around 3,000,000 population strength.<\/p>\n\t\t\t\t\t\t\t\t\t\t\t\t\t\t\t<\/div>\n\t\t\t\t\t\t<\/div>\n\t\t\t\t\t\n\t\t\t\t\t<div class=\"post-footer\">\n\t\t\t\t\t\t<div class=\"post-footer-sharing\">\n\t\t\t\t\t\t\t\n<div class=\"gem-button-container gem-widget-button gem-button-position-inline\">\n\t<a class=\"gem-button gem-button-size-tiny gem-button-style-flat gem-button-text-weight-normal gem-button-empty\" href=\"#\" target=\"_self\">\n\t\t<div class=\"elementor-icon\">\n\t\t\t\t\t\t\t<i class=\"default\"><\/i>\n\t\t\t\t\t<\/div>\n\t<\/a>\n<\/div>\n\n<div class=\"sharing-popup\">\n\t<div class=\"socials-sharing socials socials-colored-hover\">\n\n\t\t\t\t\t<a class=\"socials-item\" target=\"_blank\" href=\"https:\/\/www.facebook.com\/sharer\/sharer.php?u=https%3A%2F%2Fwww.tuncertuz.com%2Fen%2Ftuzgolu%2F\" title=\"Facebook\"><i class=\"socials-item-icon facebook\"><\/i><\/a>\n\t\t\n\t\t\t\t\t<a class=\"socials-item\" target=\"_blank\" href=\"https:\/\/twitter.com\/intent\/tweet?text=T%C3%9CRK%C4%B0YE+TUZLARININ+EN+B%C3%9CY%C3%9CK+KAYNA%C4%9EI%3A+TUZ+G%C3%96L%C3%9C&#038;url=https%3A%2F%2Fwww.tuncertuz.com%2Fen%2Ftuzgolu%2F\" title=\"Twitter\"><i class=\"socials-item-icon twitter\"><\/i><\/a>\n\t\t\n\t\t\t\t\t<a class=\"socials-item\" target=\"_blank\" href=\"https:\/\/pinterest.com\/pin\/create\/button\/?url=https%3A%2F%2Fwww.tuncertuz.com%2Fen%2Ftuzgolu%2F&#038;description=T%C3%9CRK%C4%B0YE+TUZLARININ+EN+B%C3%9CY%C3%9CK+KAYNA%C4%9EI%3A+TUZ+G%C3%96L%C3%9C&#038;media=https%3A%2F%2Fwww.tuncertuz.com%2Fwp-content%2Fuploads%2F2019%2F07%2Ftuzgolu-thegem-blog-timeline-large.jpg\" title=\"Pinterest\"><i class=\"socials-item-icon pinterest\"><\/i><\/a>\n\t\t\n\t\t\t\t\t<a class=\"socials-item\" target=\"_blank\" href=\"http:\/\/tumblr.com\/widgets\/share\/tool?canonicalUrl=https%3A%2F%2Fwww.tuncertuz.com%2Fen%2Ftuzgolu%2F\" title=\"Tumblr\"><i class=\"socials-item-icon tumblr\"><\/i><\/a>\n\t\t\n\t\t\t\t\t<a class=\"socials-item\" target=\"_blank\" href=\"https:\/\/www.linkedin.com\/shareArticle?mini=true&#038;url=https%3A%2F%2Fwww.tuncertuz.com%2Fen%2Ftuzgolu%2F&#038;title=T%C3%9CRK%C4%B0YE+TUZLARININ+EN+B%C3%9CY%C3%9CK+KAYNA%C4%9EI%3A+TUZ+G%C3%96L%C3%9C&amp;summary=Y%C3%BCz%C3%B6l%C3%A7%C3%BCm%C3%BC+bak%C4%B1m%C4%B1ndan+T%C3%BCrkiye%E2%80%99nin+ikinci+b%C3%BCy%C3%BCk+ve+en+s%C4%B1%C4%9F+g%C3%B6l%C3%BCd%C3%BCr.+%C4%B0%C3%A7+Anadolu+B%C3%B6lgesi%E2%80%99nde+Ankara%2C+Konya+ve+Aksaray+illerinin+s%C4%B1n%C4%B1r%C4%B1n%C4%B1n+kesi%C5%9Fti%C4%9Fi+yerde+yer+al%C4%B1r.+T%C3%BCrkiye%E2%80%99nin+tuz+ihtiyac%C4%B1n%C4%B1n+%2540%E2%80%B2%C3%BC+bu+g%C3%B6lden+sa%C4%9Flan%C4%B1r.+Deniz+seviyesinden+905+metre+y%C3%BCksekte+ve+maksimum+%C3%B6l%C3%A7%C3%BCleri+kuzeyden+g%C3%BCneye+80%2C+do%C4%9Fudan+bat%C4%B1ya+ise+60+kilometredir.+%C3%87evresinde+3.000.000%E2%80%B2a+yak%C4%B1n+n%C3%BCfus+g%C3%BCc%C3%BC+tutar.\" title=\"LinkedIn\"><i class=\"socials-item-icon linkedin\"><\/i><\/a>\n\t\t\n\t\t\t\t\t<a class=\"socials-item\" target=\"_blank\" href=\"https:\/\/www.reddit.com\/submit?url=https%3A%2F%2Fwww.tuncertuz.com%2Fen%2Ftuzgolu%2F&#038;title=T%C3%9CRK%C4%B0YE+TUZLARININ+EN+B%C3%9CY%C3%9CK+KAYNA%C4%9EI%3A+TUZ+G%C3%96L%C3%9C\" title=\"Reddit\"><i class=\"socials-item-icon reddit\"><\/i><\/a>\n\t\t\n\t<\/div>\n<svg class=\"sharing-styled-arrow\"><use xlink:href=\"https:\/\/www.tuncertuz.com\/wp-content\/themes\/thegem-elementor\/css\/post-arrow.svg#dec-post-arrow\"><\/use><\/svg>\n<\/div>\n\t\t\t\t\t\t<\/div>\n\t\t\t\t\t\t<div class=\"post-read-more\">\n\t\t\t\t\t\t\t\t<div class=\"gem-button-container gem-widget-button gem-button-position-inline\">\n\t\t<a class=\"gem-button gem-button-size-tiny gem-button-style-outline\" href=\"https:\/\/www.tuncertuz.com\/en\/tuzgolu\/\">\n\t\t\t<span class=\"gem-inner-wrapper-btn\">\n\t\t\t\t\t\t\t\t<span class=\"gem-text-button\">\n\t\t\t\t\tRead More\t\t\t\t<\/span>\n\t\t\t<\/span>\n\t\t<\/a>\n\t<\/div>\n\t\t\t\t\t\t<\/div>\n\t\t\t\t\t<\/div>\n\n\t\t\t\t<\/div>\n\t\t\t<\/div>\n\t\t<\/div>\n\t<\/article><!-- #post-552 -->\n\t\t\t<\/div>\n\t\t\n\t\t\t\n\t\t\t\t\t\t\t<div class=\"preloader\"><div class=\"preloader-spin\"><\/div><\/div>\n\t\t\t\t<div class=\"bloglist-pagination\" data-page=\"1\" data-next-page=\"0\">\n\t\t\t\t\t\t\t\t\t\t\t\t\t\t\t\t\t\t\t\t<\/div>\n\t\t\t\n\t\t\t\n\t\t\t\n\t\t\t\t<\/div>\n\t\t\t\t<\/div>\n\t\t\t\t\t<\/div>\n\t\t<\/div>\n\t\t\t\t\t<\/div>\n\t\t<\/main>\n\t\t\t\t<\/div>","protected":false},"excerpt":{"rendered":"<p>TUZ \u00dcZER\u0130NE PRAT\u0130K B\u0130LG\u0130LER \u2022 Buzdolab\u0131n\u0131z\u0131n daha iyi so\u011futmas\u0131n\u0131 istiyorsan\u0131z,&#8230;<\/p>","protected":false},"author":1,"featured_media":0,"parent":0,"menu_order":0,"comment_status":"closed","ping_status":"closed","template":"page-fullwidth.php","meta":[],"_links":{"self":[{"href":"https:\/\/www.tuncertuz.com\/en\/wp-json\/wp\/v2\/pages\/107"}],"collection":[{"href":"https:\/\/www.tuncertuz.com\/en\/wp-json\/wp\/v2\/pages"}],"about":[{"href":"https:\/\/www.tuncertuz.com\/en\/wp-json\/wp\/v2\/types\/page"}],"author":[{"embeddable":true,"href":"https:\/\/www.tuncertuz.com\/en\/wp-json\/wp\/v2\/users\/1"}],"replies":[{"embeddable":true,"href":"https:\/\/www.tuncertuz.com\/en\/wp-json\/wp\/v2\/comments?post=107"}],"version-history":[{"count":0,"href":"https:\/\/www.tuncertuz.com\/en\/wp-json\/wp\/v2\/pages\/107\/revisions"}],"wp:attachment":[{"href":"https:\/\/www.tuncertuz.com\/en\/wp-json\/wp\/v2\/media?parent=107"}],"curies":[{"name":"wp","href":"https:\/\/api.w.org\/{rel}","templated":true}]}}